{"id":61,"date":"2019-05-06T13:26:42","date_gmt":"2019-05-06T13:26:42","guid":{"rendered":"http:\/\/diereinzeichner.com\/?page_id=61"},"modified":"2019-07-20T13:26:24","modified_gmt":"2019-07-20T13:26:24","slug":"61-2","status":"publish","type":"page","link":"https:\/\/diereinzeichner.de\/","title":{"rendered":"Start"},"content":{"rendered":"<p>[et_pb_section fb_built=&#8220;1&#8243; _builder_version=&#8220;3.24.1&#8243; min_height=&#8220;84px&#8220; custom_padding=&#8220;0px||0px|||&#8220;][et_pb_row custom_padding=&#8220;0px|0px|27px|0px&#8220; admin_label=&#8220;Section Header Row&#8220; _builder_version=&#8220;3.25&#8243; min_height=&#8220;101px&#8220; animation_style=&#8220;slide&#8220;][et_pb_column type=&#8220;4_4&#8243; _builder_version=&#8220;3.25&#8243; custom_padding=&#8220;|||&#8220; custom_padding__hover=&#8220;|||&#8220;][et_pb_text admin_label=&#8220;Tittle &#038; Paragraph&#8220; _builder_version=&#8220;3.0.99&#8243; text_font=&#8220;Open Sans|600|||||||&#8220; text_font_size=&#8220;16px&#8220; text_line_height=&#8220;1.8em&#8220; link_font=&#8220;||||||||&#8220; ul_font=&#8220;||||||||&#8220; ol_font=&#8220;||||||||&#8220; quote_font=&#8220;||||||||&#8220; header_font=&#8220;||||||||&#8220; header_2_font=&#8220;Oswald|||on|||||&#8220; header_2_font_size=&#8220;45px&#8220; header_2_letter_spacing=&#8220;3px&#8220; header_2_line_height=&#8220;1.4em&#8220; text_orientation=&#8220;center&#8220; max_width=&#8220;700px&#8220; module_alignment=&#8220;center&#8220; min_height=&#8220;56px&#8220; custom_margin=&#8220;40px|||149px||&#8220; custom_margin_tablet=&#8220;0px|||&#8220; custom_margin_phone=&#8220;|||&#8220; custom_margin_last_edited=&#8220;on|phone&#8220; custom_padding=&#8220;||0px|||&#8220;]<\/p>\n<h2><span style=\"color: #eb8316;\">Nice to meet you&#8230;<\/span><\/h2>\n<p>[\/et_pb_text][et_pb_button button_url=&#8220;#Uns&#8220; button_text=&#8220;los geht\u2019s&#8220; button_alignment=&#8220;center&#8220; module_id=&#8220;#Uns&#8220; _builder_version=&#8220;3.24.1&#8243;][\/et_pb_button][\/et_pb_column][\/et_pb_row][\/et_pb_section][et_pb_section fb_built=&#8220;1&#8243; _builder_version=&#8220;3.26&#8243;][\/et_pb_section][et_pb_section fb_built=&#8220;1&#8243; fullwidth=&#8220;on&#8220; _builder_version=&#8220;3.22.7&#8243;][et_pb_fullwidth_slider _builder_version=&#8220;3.26&#8243; background_image=&#8220;http:\/\/diereinzeichner.de\/wp-content\/uploads\/2019\/07\/3D_Seife.jpg&#8220; min_height=&#8220;1000px&#8220;][et_pb_slide heading=&#8220; &#8220; _builder_version=&#8220;3.26&#8243; background_enable_color=&#8220;off&#8220; background_image=&#8220;http:\/\/diereinzeichner.de\/wp-content\/uploads\/2019\/05\/Flaschen_Intro.jpg&#8220; background_enable_image=&#8220;on&#8220;] [\/et_pb_slide][et_pb_slide heading=&#8220; &#8220; _builder_version=&#8220;3.26&#8243; background_enable_color=&#8220;off&#8220; background_image=&#8220;http:\/\/diereinzeichner.de\/wp-content\/uploads\/2019\/07\/3D_Seife.jpg&#8220; background_enable_image=&#8220;on&#8220;][\/et_pb_slide][\/et_pb_fullwidth_slider][\/et_pb_section][et_pb_section fb_built=&#8220;1&#8243; _builder_version=&#8220;3.22.7&#8243; background_image=&#8220;http:\/\/diereinzeichner.com\/wp-content\/uploads\/2019\/05\/Szene-3D-WEB_cropped_2000x1200.jpg&#8220; parallax=&#8220;on&#8220; custom_padding=&#8220;27.6%|0px|20%|0px||&#8220;][et_pb_row custom_padding=&#8220;80px|40px|80px|40px&#8220; module_id=&#8220;Uns&#8220; _builder_version=&#8220;3.25&#8243; background_color=&#8220;rgba(255,255,255,0.86)&#8220; width_phone=&#8220;100%&#8220; width_last_edited=&#8220;on|desktop&#8220; min_height=&#8220;339px&#8220; animation_style=&#8220;zoom&#8220; animation_intensity_zoom=&#8220;10%&#8220;][et_pb_column type=&#8220;4_4&#8243; _builder_version=&#8220;3.25&#8243; custom_padding=&#8220;|||&#8220; custom_padding__hover=&#8220;|||&#8220;][et_pb_cta button_url=&#8220;#top&#8220; admin_label=&#8220;Tittle, Paragraph &#038; Call To Action&#8220; _builder_version=&#8220;3.24.1&#8243; header_font=&#8220;Oswald|||on|||||&#8220; header_font_size=&#8220;45px&#8220; header_letter_spacing=&#8220;3px&#8220; header_line_height=&#8220;1.4em&#8220; body_font=&#8220;Open Sans|600|||||||&#8220; body_font_size=&#8220;16px&#8220; body_line_height=&#8220;1.8em&#8220; use_background_color=&#8220;off&#8220; custom_button=&#8220;on&#8220; button_text_size=&#8220;14px&#8220; button_text_color=&#8220;#ffffff&#8220; button_bg_color=&#8220;#000000&#8243; button_border_width=&#8220;10px&#8220; button_border_color=&#8220;rgba(0,0,0,0)&#8220; button_border_radius=&#8220;30px&#8220; button_letter_spacing=&#8220;2px&#8220; button_font=&#8220;Open Sans|700||on|||||&#8220; button_use_icon=&#8220;off&#8220; box_shadow_style=&#8220;preset1&#8243; box_shadow_horizontal=&#8220;8px&#8220; box_shadow_vertical=&#8220;13px&#8220; background_layout=&#8220;light&#8220; max_width=&#8220;471px&#8220; module_alignment=&#8220;center&#8220; height=&#8220;350px&#8220; custom_margin=&#8220;50px|||&#8220; custom_margin_tablet=&#8220;0px|||&#8220; custom_margin_last_edited=&#8220;on|tablet&#8220; module_alignment_last_edited=&#8220;off|desktop&#8220; button_text_color_hover=&#8220;#ffffff&#8220; button_border_color_hover=&#8220;rgba(0,0,0,0)&#8220; button_border_radius_hover=&#8220;28px&#8220; button_letter_spacing_hover=&#8220;2px&#8220; button_bg_color_hover=&#8220;rgba(0,0,0,0.7)&#8220; locked=&#8220;off&#8220; button_text_size__hover_enabled=&#8220;off&#8220; button_one_text_size__hover_enabled=&#8220;off&#8220; button_two_text_size__hover_enabled=&#8220;off&#8220; button_text_color__hover_enabled=&#8220;on&#8220; button_text_color__hover=&#8220;#ffffff&#8220; button_one_text_color__hover_enabled=&#8220;off&#8220; button_two_text_color__hover_enabled=&#8220;off&#8220; button_border_width__hover_enabled=&#8220;off&#8220; button_one_border_width__hover_enabled=&#8220;off&#8220; button_two_border_width__hover_enabled=&#8220;off&#8220; button_border_color__hover_enabled=&#8220;on&#8220; button_border_color__hover=&#8220;rgba(0,0,0,0)&#8220; button_one_border_color__hover_enabled=&#8220;off&#8220; button_two_border_color__hover_enabled=&#8220;off&#8220; button_border_radius__hover_enabled=&#8220;on&#8220; button_border_radius__hover=&#8220;28px&#8220; button_one_border_radius__hover_enabled=&#8220;off&#8220; button_two_border_radius__hover_enabled=&#8220;off&#8220; button_letter_spacing__hover_enabled=&#8220;on&#8220; button_letter_spacing__hover=&#8220;2px&#8220; button_one_letter_spacing__hover_enabled=&#8220;off&#8220; button_two_letter_spacing__hover_enabled=&#8220;off&#8220; button_bg_color__hover_enabled=&#8220;on&#8220; button_bg_color__hover=&#8220;rgba(0,0,0,0.7)&#8220; button_one_bg_color__hover_enabled=&#8220;off&#8220; button_two_bg_color__hover_enabled=&#8220;off&#8220;]<\/p>\n<p><span style=\"font-size: x-large;\">Wer uns kennt, der wei\u00df: Wir reden nicht viel \u00fcber uns, sondern lassen gerne die Ergebnisse f\u00fcr uns sprechen!<br \/> Mehr als 25 Jahre Erfahrung sind ein Garant f\u00fcr Qualit\u00e4t und fundiertes Tiefenwissen.<br \/> Sprechen Sie uns an\u2026<br \/> Wir versprechen nichts, was wir nicht halten k\u00f6nnen.<\/span><span style=\"font-size: x-large;\"><br \/> Versprochen!<\/span><\/p>\n<p><span style=\"font-size: x-large;\"><\/span><\/p>\n<p>[\/et_pb_cta][\/et_pb_column][\/et_pb_row][\/et_pb_section][et_pb_section fb_built=&#8220;1&#8243; _builder_version=&#8220;3.22.3&#8243; custom_padding=&#8220;16px|0px|120px|0px||&#8220;][et_pb_row column_structure=&#8220;1_3,1_3,1_3&#8243; use_custom_gutter=&#8220;on&#8220; gutter_width=&#8220;2&#8243; _builder_version=&#8220;3.25&#8243; animation_style=&#8220;fade&#8220;][et_pb_column type=&#8220;1_3&#8243; _builder_version=&#8220;3.25&#8243; custom_padding=&#8220;|||&#8220; custom_padding__hover=&#8220;|||&#8220;][et_pb_blurb title=&#8220;PACKAGING&#8220; use_icon=&#8220;on&#8220; font_icon=&#8220;%%379%%&#8220; icon_color=&#8220;#ffffff&#8220; content_max_width=&#8220;1008px&#8220; admin_label=&#8220;Juice Type&#8220; _builder_version=&#8220;3.26&#8243; header_font=&#8220;Oswald|||on|||||&#8220; header_text_align=&#8220;center&#8220; header_font_size=&#8220;20px&#8220; header_letter_spacing=&#8220;2px&#8220; header_line_height=&#8220;1.4em&#8220; body_font=&#8220;Open Sans|600|||||||&#8220; body_text_align=&#8220;center&#8220; body_font_size=&#8220;16px&#8220; body_line_height=&#8220;1.8em&#8220; background_color=&#8220;#eb8316&#8243; border_radii=&#8220;on|6px|6px|6px|6px&#8220; box_shadow_style=&#8220;preset1&#8243; box_shadow_vertical=&#8220;20px&#8220; box_shadow_blur=&#8220;50px&#8220; box_shadow_color=&#8220;rgba(0,0,0,0.1)&#8220; background_layout=&#8220;dark&#8220; custom_padding=&#8220;60px|40px|60px|40px&#8220; animation_style=&#8220;zoom&#8220; animation_intensity_zoom=&#8220;10%&#8220; animation=&#8220;off&#8220; locked=&#8220;off&#8220;]<\/p>\n<p>Wenn Sie bzw. Ihre Agentur den Schwerpunkt auf das Design legen und die Umsetzung gerne in zuverl\u00e4ssige, externe H\u00e4nde geben, dann sind Sie mit\u00a0<strong><span style=\"color: #000000;\">DIE REINZEICHNER\u00a0<\/span><\/strong>hervorragend bedient. Mit uns haben Sie einen Partner an Ihrer Seite, der mit den Anforderungen des Verpackungsdrucks vertraut ist und genau wei\u00df, wie Ihre Daten f\u00fcr einen reibungslosen Ablauf aufzubereiten sind. So k\u00f6nnen Sie sich ganz auf das Design konzentrieren. Wir k\u00fcmmern uns um den Rest.<\/p>\n<p>[\/et_pb_blurb][\/et_pb_column][et_pb_column type=&#8220;1_3&#8243; _builder_version=&#8220;3.25&#8243; custom_padding=&#8220;|||&#8220; custom_padding__hover=&#8220;|||&#8220;][et_pb_blurb title=&#8220;DRUCKSACHEN&#8220; use_icon=&#8220;on&#8220; font_icon=&#8220;%%124%%&#8220; icon_color=&#8220;#ffffff&#8220; admin_label=&#8220;Juice Type&#8220; _builder_version=&#8220;3.26&#8243; header_font=&#8220;Oswald|||on|||||&#8220; header_text_align=&#8220;center&#8220; header_font_size=&#8220;20px&#8220; header_letter_spacing=&#8220;2px&#8220; header_line_height=&#8220;1.4em&#8220; body_font=&#8220;Open Sans|600|||||||&#8220; body_text_align=&#8220;center&#8220; body_font_size=&#8220;16px&#8220; body_line_height=&#8220;1.8em&#8220; background_color=&#8220;#eb8316&#8243; border_radii=&#8220;on|6px|6px|6px|6px&#8220; box_shadow_style=&#8220;preset1&#8243; box_shadow_vertical=&#8220;20px&#8220; box_shadow_blur=&#8220;50px&#8220; box_shadow_color=&#8220;rgba(0,0,0,0.1)&#8220; background_layout=&#8220;dark&#8220; custom_padding=&#8220;60px|40px|60px|40px&#8220; animation_style=&#8220;zoom&#8220; animation_delay=&#8220;100ms&#8220; animation_intensity_zoom=&#8220;10%&#8220; animation=&#8220;off&#8220; locked=&#8220;off&#8220;]<\/p>\n<p>Ob als Agentur oder Reinzeichnungs-Studio, unser Team bei\u00a0<span><strong><span style=\"color: #000000;\">DIE REINZEICHNER\u00a0<\/span><\/strong><\/span><span style=\"font-size: 16px;\">ist f\u00fcr Sie der richtige Partner bei der Realisierung Ihrer Drucksachen. Wir gestalten und realisieren Ihre Kataloge, Brosch\u00fcren, Flyer, Messest\u00e4nde \u2013 kurz: alles, was sich drucken l\u00e4sst. Unsere kreativen K\u00f6pfe, peniblen Reinzeichner, Druckvorlagenprofis \u2013 wir alle arbeiten Hand in Hand und teilen unsere Leidenschaft f\u00fcr moderne, zeitgem\u00e4\u00dfe Gestaltungen und Druckproduktion \u2013 immer Sie als Kunden im Fokus.<\/span><\/p>\n<p>[\/et_pb_blurb][\/et_pb_column][et_pb_column type=&#8220;1_3&#8243; _builder_version=&#8220;3.25&#8243; custom_padding=&#8220;|||&#8220; custom_padding__hover=&#8220;|||&#8220;][et_pb_blurb title=&#8220;FLEXIBEL | ZUVERL\u00c4SSIG | MODERN&#8220; use_icon=&#8220;on&#8220; font_icon=&#8220;%%259%%&#8220; icon_color=&#8220;#ffffff&#8220; admin_label=&#8220;Juice Type&#8220; _builder_version=&#8220;3.26&#8243; header_font=&#8220;Oswald|||on|||||&#8220; header_text_align=&#8220;center&#8220; header_font_size=&#8220;20px&#8220; header_letter_spacing=&#8220;2px&#8220; header_line_height=&#8220;1.4em&#8220; body_font=&#8220;Open Sans|600|||||||&#8220; body_text_align=&#8220;center&#8220; body_font_size=&#8220;16px&#8220; body_line_height=&#8220;1.8em&#8220; background_color=&#8220;#eb8316&#8243; border_radii=&#8220;on|6px|6px|6px|6px&#8220; box_shadow_style=&#8220;preset1&#8243; box_shadow_vertical=&#8220;20px&#8220; box_shadow_blur=&#8220;50px&#8220; box_shadow_color=&#8220;rgba(0,0,0,0.1)&#8220; background_layout=&#8220;dark&#8220; custom_padding=&#8220;60px|40px|60px|40px&#8220; animation_style=&#8220;zoom&#8220; animation_delay=&#8220;200ms&#8220; animation_intensity_zoom=&#8220;10%&#8220; animation=&#8220;off&#8220; locked=&#8220;off&#8220;]<\/p>\n<p>Bei <span style=\"color: #000000;\"><strong>DIE REINZEICHNER<\/strong><\/span> arbeiten verschiedene Spezialisten aus der Verpackungsbranche Hand in Hand. Ziel ist es, gemeinsam die optimale Realisierung gew\u00fcnschter Verpackungskonzepte zu erreichen.<\/p>\n<p>[\/et_pb_blurb][\/et_pb_column][\/et_pb_row][et_pb_row _builder_version=&#8220;3.25&#8243;][et_pb_column type=&#8220;4_4&#8243; _builder_version=&#8220;3.25&#8243; custom_padding=&#8220;|||&#8220; custom_padding__hover=&#8220;|||&#8220;][et_pb_button button_url=&#8220;https:\/\/diereinzeichner.de\/?project=leistung&#8220; button_text=&#8220;hier geht\u2019s weiter zu unseren Leistungen&#8220; _builder_version=&#8220;3.26&#8243; button_alignment=&#8220;center&#8220;][\/et_pb_button][\/et_pb_column][\/et_pb_row][\/et_pb_section]<\/p>\n","protected":false},"excerpt":{"rendered":"<p>[et_pb_section fb_built=&#8220;1&#8243; _builder_version=&#8220;3.24.1&#8243; min_height=&#8220;84px&#8220; custom_padding=&#8220;0px||0px|||&#8220;][et_pb_row custom_padding=&#8220;0px|0px|27px|0px&#8220; admin_label=&#8220;Section Header Row&#8220; _builder_version=&#8220;3.25&#8243; min_height=&#8220;101px&#8220; animation_style=&#8220;slide&#8220;][et_pb_column type=&#8220;4_4&#8243; _builder_version=&#8220;3.25&#8243; custom_padding=&#8220;|||&#8220; custom_padding__hover=&#8220;|||&#8220;][et_pb_text admin_label=&#8220;Tittle &#038; Paragraph&#8220; _builder_version=&#8220;3.0.99&#8243; text_font=&#8220;Open Sans|600|||||||&#8220; text_font_size=&#8220;16px&#8220; text_line_height=&#8220;1.8em&#8220; link_font=&#8220;||||||||&#8220; ul_font=&#8220;||||||||&#8220; ol_font=&#8220;||||||||&#8220; quote_font=&#8220;||||||||&#8220; header_font=&#8220;||||||||&#8220; header_2_font=&#8220;Oswald|||on|||||&#8220; header_2_font_size=&#8220;45px&#8220; header_2_letter_spacing=&#8220;3px&#8220; header_2_line_height=&#8220;1.4em&#8220; text_orientation=&#8220;center&#8220; max_width=&#8220;700px&#8220; module_alignment=&#8220;center&#8220; min_height=&#8220;56px&#8220; custom_margin=&#8220;40px|||149px||&#8220; custom_margin_tablet=&#8220;0px|||&#8220; custom_margin_phone=&#8220;|||&#8220; custom_margin_last_edited=&#8220;on|phone&#8220; custom_padding=&#8220;||0px|||&#8220;] Nice to meet you&#8230; [\/et_pb_text][et_pb_button button_url=&#8220;#Uns&#8220; button_text=&#8220;los geht\u2019s&#8220; button_alignment=&#8220;center&#8220; module_id=&#8220;#Uns&#8220; _builder_version=&#8220;3.24.1&#8243;][\/et_pb_button][\/et_pb_column][\/et_pb_row][\/et_pb_section][et_pb_section fb_built=&#8220;1&#8243; _builder_version=&#8220;3.26&#8243;][\/et_pb_section][et_pb_section [&hellip;]<\/p>\n","protected":false},"author":1,"featured_media":0,"parent":0,"menu_order":0,"comment_status":"closed","ping_status":"closed","template":"","meta":{"_et_pb_use_builder":"on","_et_pb_old_content":"","_et_gb_content_width":"","footnotes":""},"_links":{"self":[{"href":"https:\/\/diereinzeichner.de\/index.php?rest_route=\/wp\/v2\/pages\/61"}],"collection":[{"href":"https:\/\/diereinzeichner.de\/index.php?rest_route=\/wp\/v2\/pages"}],"about":[{"href":"https:\/\/diereinzeichner.de\/index.php?rest_route=\/wp\/v2\/types\/page"}],"author":[{"embeddable":true,"href":"https:\/\/diereinzeichner.de\/index.php?rest_route=\/wp\/v2\/users\/1"}],"replies":[{"embeddable":true,"href":"https:\/\/diereinzeichner.de\/index.php?rest_route=%2Fwp%2Fv2%2Fcomments&post=61"}],"version-history":[{"count":33,"href":"https:\/\/diereinzeichner.de\/index.php?rest_route=\/wp\/v2\/pages\/61\/revisions"}],"predecessor-version":[{"id":337,"href":"https:\/\/diereinzeichner.de\/index.php?rest_route=\/wp\/v2\/pages\/61\/revisions\/337"}],"wp:attachment":[{"href":"https:\/\/diereinzeichner.de\/index.php?rest_route=%2Fwp%2Fv2%2Fmedia&parent=61"}],"curies":[{"name":"wp","href":"https:\/\/api.w.org\/{rel}","templated":true}]}}